{"id":116,"date":"2024-07-16T12:11:04","date_gmt":"2024-07-16T12:11:04","guid":{"rendered":"https:\/\/akurat.no\/?page_id=116"},"modified":"2024-10-31T11:55:21","modified_gmt":"2024-10-31T11:55:21","slug":"podcasting","status":"publish","type":"page","link":"https:\/\/akurat.no\/index.php\/podcasting\/","title":{"rendered":"Akurat Podcasting"},"content":{"rendered":"\n<p class=\"has-large-font-size\">V\u00e5r podkastekspert produserte sin f\u00f8rste episode i 2015. Han har arbeidet med podkaster siden, b\u00e5de som produsent, kursholder, distribut\u00f8r og lyddesigner. <\/p>\n\n\n\n<p><\/p>\n\n\n\n<div class=\"wp-block-group alignfull has-base-color has-accent-4-background-color has-text-color has-background has-global-padding is-layout-constrained wp-container-core-group-is-layout-ef3d885c wp-block-group-is-layout-constrained\" style=\"margin-top:0;margin-bottom:0;padding-top:var(--wp--preset--spacing--60);padding-right:var(--wp--preset--spacing--60);padding-bottom:var(--wp--preset--spacing--60);padding-left:var(--wp--preset--spacing--60)\">\n<div class=\"wp-block-group has-global-padding is-layout-constrained wp-block-group-is-layout-constrained\">\n<p class=\"has-text-align-center has-base-color has-text-color has-heading-font-family has-x-large-font-size\" style=\"line-height:1.2\">&#8220;<em>Da tre politikere skulle starte podkast, var det ingen mangel p\u00e5 engasjement, men teknisk kompetanse hadde vi lite av. Heldigvis ble det raskt l\u00f8st av Eivinn Arne fra Akurat. Han s\u00f8rger for at vi h\u00f8res bedre ut enn vi kanskje fortjener, og l\u00e6rer oss stadig noe nytt underveis. Vi kunne virkelig ikke klart oss uten ham!<\/em>&#8220;<\/p>\n\n\n\n<div style=\"height:var(--wp--preset--spacing--10)\" aria-hidden=\"true\" class=\"wp-block-spacer\"><\/div>\n\n\n\n<div class=\"wp-block-group is-vertical is-content-justification-center is-nowrap is-layout-flex wp-container-core-group-is-layout-2dc08cea wp-block-group-is-layout-flex\">\n<figure class=\"wp-block-image aligncenter size-thumbnail is-resized has-custom-border\"><img loading=\"lazy\" decoding=\"async\" width=\"150\" height=\"150\" src=\"https:\/\/akurat.no\/wp-content\/uploads\/2024\/10\/VENSTRELOGO-1-150x150.png\" alt=\"\" class=\"wp-image-179\" style=\"border-radius:100px;aspect-ratio:1;object-fit:cover;width:60px\" srcset=\"https:\/\/akurat.no\/wp-content\/uploads\/2024\/10\/VENSTRELOGO-1-150x150.png 150w, https:\/\/akurat.no\/wp-content\/uploads\/2024\/10\/VENSTRELOGO-1-300x300.png 300w, https:\/\/akurat.no\/wp-content\/uploads\/2024\/10\/VENSTRELOGO-1-1024x1020.png 1024w, https:\/\/akurat.no\/wp-content\/uploads\/2024\/10\/VENSTRELOGO-1-768x765.png 768w, https:\/\/akurat.no\/wp-content\/uploads\/2024\/10\/VENSTRELOGO-1.png 1160w\" sizes=\"auto, (max-width: 150px) 100vw, 150px\" \/><\/figure>\n\n\n\n<p class=\"has-text-align-center\" style=\"margin-top:var(--wp--preset--spacing--10);margin-bottom:0\">Ingvild Wetrhus Thorsvik<\/p>\n\n\n\n<p class=\"has-text-align-center has-contrast-3-color has-text-color has-small-font-size\" style=\"font-style:normal;font-weight:300\">Stortingsrepresentant, Venstre<\/p>\n<\/div>\n<\/div>\n<\/div>\n\n\n\n<iframe loading=\"lazy\" src=\"https:\/\/podcasters.spotify.com\/pod\/show\/venstreno\/embed\" height=\"102px\" width=\"400px\" frameborder=\"0\" scrolling=\"no\"><\/iframe>\n\n\n\n<p><\/p>\n\n\n\n<p><\/p>\n\n\n\n<p><\/p>\n\n\n\n<p><\/p>\n\n\n\n<h2 class=\"wp-block-heading has-text-align-center\">Innspilling<\/h2>\n\n\n\n<p>Vi kan hjelpe dere med \u00e5 f\u00e5 podkasten spilt inn. Dette kan inneb\u00e6re \u00e5 kj\u00f8pe inn passende utstyr til deres opptaksrom, eller \u00e5 leie dere utstyr. Vi kan leie ut profesjonelt lydende opptaksrom, eller hjelpe dere med \u00e5 finne et eget med passende akustikk. Vi kan gi oppl\u00e6ring i utstyrsbruk og opptaksprogram, eller ta oss av hele innspillingen for deg.<\/p>\n\n\n\n<p><\/p>\n\n\n\n<h2 class=\"wp-block-heading has-text-align-center\">Innhold og klipp<\/h2>\n\n\n\n<p>Vi kan hjelpe med selve innholdet i podkasten deres. Dette kan v\u00e6re \u00e5 skrive manus, utforme spalter, eller \u00e5 ta selvstendige valg i klippen som \u00e5 kutte ned pauser og venteord.<\/p>\n\n\n\n<h2 class=\"wp-block-heading has-text-align-center\">Lyddesign<\/h2>\n\n\n\n<p>\u00d8nsker dere \u00e5 lage en podkast beriket med musikk og\/eller stemningsskapende soniske elementer? Vi kan produsere b\u00e5de musik og lyddesign, enten det er en spennende krimg\u00e5te eller hopp og sprell for de minste.<\/p>\n\n\n\n<h2 class=\"wp-block-heading has-text-align-center\">Miks og master<\/h2>\n\n\n\n<p>Har du noengang satt p\u00e5 en podkast og irritert deg over lyden? Dette kan v\u00e6re problemer som skarpe S-er, alt for h\u00f8y latter, ujevn tale eller utydelig lyd. Bruker du oss, unng\u00e5r du alt dette. Vi leverer jevn, behagelig og tydelig lyd etter offisielle bransjestandarder.<\/p>\n\n\n\n<p><\/p>\n\n\n\n<h2 class=\"wp-block-heading has-text-align-center\">Publisering<\/h2>\n\n\n\n<p>Vi kan hjelpe dere med \u00e5 f\u00e5 podkasten distribuert til alle de store lytteplattformene som for eksempel Spotify, Apple Podcasts og Google. <\/p>\n\n\n\n<p><\/p>\n\n\n\n<h2 class=\"wp-block-heading has-text-align-center\">Konsulenttjenester<\/h2>\n\n\n\n<p>\u00c5 produsere og publisere profesjonelle podkaster er en tidkrevende aff\u00e6re. Men det er ikke uoverkommelig. Vi kan hjelpe dere med \u00e5 komme i gang. Vi kan kj\u00f8pe inn det som kreves av utstyr, finne\/lage et passende opptaksrom som l\u00e5ter bra nok,  gi oppl\u00e6ring i editering og hjelpe dere med \u00e5 komme i gang med publiseringen. Om dere har tiden til r\u00e5dighet, og begrenset budsjett, kan dette v\u00e6re en god l\u00f8sning.<\/p>\n\n\n\n<p><\/p>\n\n\n\n<p><\/p>\n\n\n\n<p class=\"has-large-font-size\">Send en mail til post@akurat.no og fortell oss hva du \u00f8nsker hjelp til.<\/p>\n\n\n\n<p><\/p>\n\n\n\n<p><\/p>\n\n\n\n<p><\/p>\n\n\n\n<p><\/p>\n\n\n\n<iframe loading=\"lazy\" src=\"https:\/\/embed.acast.com\/667966327e9b353ae2b3f3d6?feed=true\" frameBorder=\"0\" width=\"100%\" height=\"280px\"><\/iframe>\n\n\n\n<p><\/p>\n\n\n\n<p><\/p>\n","protected":false},"excerpt":{"rendered":"<p>V\u00e5r podkastekspert produserte sin f\u00f8rste episode i 2015. Han har arbeidet med podkaster siden, b\u00e5de som produsent, kursholder, distribut\u00f8r og lyddesigner. &#8220;Da tre politikere skulle starte podkast, var det ingen mangel p\u00e5 engasjement, men teknisk kompetanse hadde vi lite av. Heldigvis ble det raskt l\u00f8st av Eivinn Arne fra Akurat. Han s\u00f8rger for at vi [&hellip;]<\/p>\n","protected":false},"author":1,"featured_media":0,"parent":0,"menu_order":0,"comment_status":"closed","ping_status":"closed","template":"","meta":{"footnotes":""},"class_list":["post-116","page","type-page","status-publish","hentry"],"_links":{"self":[{"href":"https:\/\/akurat.no\/index.php\/wp-json\/wp\/v2\/pages\/116","targetHints":{"allow":["GET"]}}],"collection":[{"href":"https:\/\/akurat.no\/index.php\/wp-json\/wp\/v2\/pages"}],"about":[{"href":"https:\/\/akurat.no\/index.php\/wp-json\/wp\/v2\/types\/page"}],"author":[{"embeddable":true,"href":"https:\/\/akurat.no\/index.php\/wp-json\/wp\/v2\/users\/1"}],"replies":[{"embeddable":true,"href":"https:\/\/akurat.no\/index.php\/wp-json\/wp\/v2\/comments?post=116"}],"version-history":[{"count":11,"href":"https:\/\/akurat.no\/index.php\/wp-json\/wp\/v2\/pages\/116\/revisions"}],"predecessor-version":[{"id":186,"href":"https:\/\/akurat.no\/index.php\/wp-json\/wp\/v2\/pages\/116\/revisions\/186"}],"wp:attachment":[{"href":"https:\/\/akurat.no\/index.php\/wp-json\/wp\/v2\/media?parent=116"}],"curies":[{"name":"wp","href":"https:\/\/api.w.org\/{rel}","templated":true}]}}