{"id":127,"date":"2024-07-16T17:14:47","date_gmt":"2024-07-16T17:14:47","guid":{"rendered":"https:\/\/akurat.no\/?page_id=127"},"modified":"2024-10-04T10:56:38","modified_gmt":"2024-10-04T10:56:38","slug":"sounddesign","status":"publish","type":"page","link":"https:\/\/akurat.no\/index.php\/sounddesign\/","title":{"rendered":"Akurat Sound Design"},"content":{"rendered":"\n<p>Hvordan l\u00e5ter en laserpistol? Piew-piew! Ikke sant?<\/p>\n\n\n\n<p><\/p>\n\n\n\n<p>Nei. En laserpistol hadde ikke lagd noe s\u00e6rlig lyd, men Star Wars hadde ikke v\u00e6rt s\u00e6rlig spennende om v\u00e5pnene var lydl\u00f8se. Og ingen har vel egentlig h\u00f8rt en laserpistol? Dette visste Ben Burtt, som var lyddesigner p\u00e5 den f\u00f8rste Star Wars-filmen. Han konstruerte derfor laserpistol-lyden vi alle kjenner s\u00e5 godt, <a href=\"https:\/\/www.youtube.com\/watch?v=tZj1mYLC7h0\">sammen med flere andre lyder som ikke eksisterte fra f\u00f8r.<\/a> Lyssabel, Chewbacca, R2D2&#8230; Dette er <em>kreativt lyddesign<\/em>. \u00c5 finne opp lyder som engasjerer for \u00e5 hjelpe en historie.<\/p>\n\n\n\n<p>Det finnes ogs\u00e5 <em>realistisk lyddesign<\/em>. Om man skal lage en animasjonsfilm som viser noen som lager mat p\u00e5 et kj\u00f8kken, er det mange ting p\u00e5 et kj\u00f8kken som lager lyd samtidig som m\u00e5 mikses sammen p\u00e5 en realistisk m\u00e5te f\u00f8r det som faktisk skjer p\u00e5 kj\u00f8kkenet blir troverdig. Om en i en dokumentarfilm bruker slow-motion bilder av en sel som blir angrepet av hai, men likevel vil at lyden skal f\u00f8lge det som skjer, kan en ikke bare spille av lyden i slow-motion. <a href=\"https:\/\/www.youtube.com\/watch?v=Qzxy3GtSzt0\">Man m\u00e5 konstruere den p\u00e5 ny.<\/a><\/p>\n\n\n\n<p><\/p>\n\n\n\n<p>V\u00e5r lyddesigner st\u00e5r bak flere hundre barnelydb\u00f8ker utgitt p\u00e5 Norges st\u00f8rste bokforlag. Noen av dem er blant de mest str\u00f8mmede p\u00e5 det norske markedet, som <a href=\"https:\/\/cappelendamm.no\/_alice-i-eventyrland-lewis-carroll-9788202606015\">Alice i eventyrland<\/a> og serien <a href=\"https:\/\/cappelendamm.no\/_edward-rubikons-mysterier--tidsvampyrene-aleksander-kirkwood-brown-9788202732905\">Edward Rubikons mysterier<\/a>.<\/p>\n\n\n\n<p><\/p>\n\n\n\n<p>Vi tilbyr b\u00e5de kreativt og realistisk lyddesign, enten du lager film, podkast, reklame, radioteater, pubquiz eller annet.<\/p>\n\n\n\n<p>Send oss en mail p\u00e5 post@akurat.no og beskriv prosjektet ditt, s\u00e5 tar vi en hyggelig prat!<\/p>\n","protected":false},"excerpt":{"rendered":"<p>Hvordan l\u00e5ter en laserpistol? Piew-piew! Ikke sant? Nei. En laserpistol hadde ikke lagd noe s\u00e6rlig lyd, men Star Wars hadde ikke v\u00e6rt s\u00e6rlig spennende om v\u00e5pnene var lydl\u00f8se. Og ingen har vel egentlig h\u00f8rt en laserpistol? Dette visste Ben Burtt, som var lyddesigner p\u00e5 den f\u00f8rste Star Wars-filmen. Han konstruerte derfor laserpistol-lyden vi alle kjenner [&hellip;]<\/p>\n","protected":false},"author":1,"featured_media":0,"parent":0,"menu_order":0,"comment_status":"closed","ping_status":"closed","template":"","meta":{"footnotes":""},"class_list":["post-127","page","type-page","status-publish","hentry"],"_links":{"self":[{"href":"https:\/\/akurat.no\/index.php\/wp-json\/wp\/v2\/pages\/127","targetHints":{"allow":["GET"]}}],"collection":[{"href":"https:\/\/akurat.no\/index.php\/wp-json\/wp\/v2\/pages"}],"about":[{"href":"https:\/\/akurat.no\/index.php\/wp-json\/wp\/v2\/types\/page"}],"author":[{"embeddable":true,"href":"https:\/\/akurat.no\/index.php\/wp-json\/wp\/v2\/users\/1"}],"replies":[{"embeddable":true,"href":"https:\/\/akurat.no\/index.php\/wp-json\/wp\/v2\/comments?post=127"}],"version-history":[{"count":3,"href":"https:\/\/akurat.no\/index.php\/wp-json\/wp\/v2\/pages\/127\/revisions"}],"predecessor-version":[{"id":149,"href":"https:\/\/akurat.no\/index.php\/wp-json\/wp\/v2\/pages\/127\/revisions\/149"}],"wp:attachment":[{"href":"https:\/\/akurat.no\/index.php\/wp-json\/wp\/v2\/media?parent=127"}],"curies":[{"name":"wp","href":"https:\/\/api.w.org\/{rel}","templated":true}]}}