{"id":138,"date":"2024-07-29T17:53:49","date_gmt":"2024-07-29T17:53:49","guid":{"rendered":"https:\/\/akurat.no\/?page_id=138"},"modified":"2024-10-04T11:58:05","modified_gmt":"2024-10-04T11:58:05","slug":"music","status":"publish","type":"page","link":"https:\/\/akurat.no\/index.php\/music\/","title":{"rendered":"Akurat Music"},"content":{"rendered":"\n<p><\/p>\n\n\n\n<h2 class=\"wp-block-heading\">Komposisjon<\/h2>\n\n\n\n<p>Trenger du musikk til et eller annet, kan det v\u00e6re en god id\u00e9 \u00e5 snakke med oss. Vi kan ta din id\u00e9 fra tanke til ferdig produkt uten at du trenger \u00e5 involvere noen andre enn oss.<\/p>\n\n\n\n<ul class=\"wp-block-list\">\n<li>Vignetter (Podcast, reklame)<\/li>\n\n\n\n<li>Stemningsskapende musikk (h\u00f8respill, film)<\/li>\n\n\n\n<li>L\u00e5ter (Firmal\u00e5ter, konfirmasjon, russebuss)<br><\/li>\n<\/ul>\n\n\n\n<p>V\u00e5r huskomponist, Eivinn Arne, har skrevet musikk til flere hundre berikede lydb\u00f8ker. Han er ogs\u00e5 l\u00e5tskriver og arrang\u00f8r i bandene <a href=\"https:\/\/open.spotify.com\/artist\/1rqCEZMcJo0sGd3VzkYf2t?si=KcHl-kHrTamAR4Yw636XzA\">Sorgen<\/a> og <a href=\"https:\/\/open.spotify.com\/track\/25PtDu4tgMSJAsTc6pEqeS?si=668a084d568849e9\">Omegn<\/a>.<\/p>\n\n\n\n<figure class=\"wp-block-audio\"><audio controls src=\"https:\/\/akurat.no\/wp-content\/uploads\/2024\/10\/Alice-i-eventyrland-tema-24.05.2019.mp3\"><\/audio><figcaption class=\"wp-element-caption\">Introvignett til Cappelen Damms lydbokutgivelse av<a href=\"https:\/\/cappelendamm.no\/_alice-i-eventyrland-lewis-carroll-9788202606015\" data-type=\"link\" data-id=\"https:\/\/cappelendamm.no\/_alice-i-eventyrland-lewis-carroll-9788202606015\"> Alice i Eventyrland<\/a><\/figcaption><\/figure>\n\n\n\n<figure class=\"wp-block-audio\"><audio controls src=\"https:\/\/akurat.no\/wp-content\/uploads\/2024\/10\/Vignettutkast-Skaperne-060524.mp3\"><\/audio><figcaption class=\"wp-element-caption\">Introvignett til Kjell Inge Torgersens podkast <em><a href=\"https:\/\/feeds.acast.com\/public\/shows\/skaperne\" data-type=\"link\" data-id=\"https:\/\/feeds.acast.com\/public\/shows\/skaperne\">Skaperne<\/a><\/em><\/figcaption><\/figure>\n\n\n\n<figure class=\"wp-block-audio\"><audio controls src=\"https:\/\/akurat.no\/wp-content\/uploads\/2024\/10\/Kalle-Komet-heroisk-3.mp3\"><\/audio><figcaption class=\"wp-element-caption\">Introvignett til Cappelen Damms lydbokutgivelse av Knut N\u00e6rums serie om <a href=\"https:\/\/cappelendamm.no\/_kalle-komet-knut-narum-9788202796785\" data-type=\"link\" data-id=\"https:\/\/cappelendamm.no\/_kalle-komet-knut-narum-9788202796785\">Kalle Komet<\/a><\/figcaption><\/figure>\n\n\n\n<h2 class=\"wp-block-heading\">Musikkproduksjon<\/h2>\n\n\n\n<p>Husets musikkprodusent, Eivinn Arne, har over 15 \u00e5rs erfaring. Han har ogs\u00e5 en bachelorgrad i musikkproduksjon fra H\u00f8yskolen Kristiania.<\/p>\n\n\n\n<p>Gjennom \u00e5 tilby innspilling, arrangering, produksjon og miks av musikk har Eivinn Arne arbeidet p\u00e5 utgivelser med artister og band som:<\/p>\n\n\n\n<ul class=\"wp-block-list\">\n<li>Mathias Eick<\/li>\n\n\n\n<li>Jonas Fjeld<\/li>\n\n\n\n<li>Strengeplukk<\/li>\n\n\n\n<li>Sorgen<\/li>\n\n\n\n<li>Omegn<\/li>\n<\/ul>\n\n\n\n<p>Kontakt oss p\u00e5 post@akurat.no om du, eller bandet ditt, trenger hjelp til deres neste utgivelse. Vi gj\u00f8r for tiden v\u00e5re fleste innspillinger i meget vellydende lokaler p\u00e5 Stavanger Tinfabrik AS.<\/p>\n\n\n\n<p><\/p>\n\n\n\n<p><\/p>\n\n\n\n<figure class=\"wp-block-embed is-type-rich is-provider-spotify wp-block-embed-spotify wp-embed-aspect-21-9 wp-has-aspect-ratio\"><div class=\"wp-block-embed__wrapper\">\n<iframe title=\"Spotify Embed: Mujer Fumando\" style=\"border-radius: 12px\" width=\"100%\" height=\"152\" frameborder=\"0\" allowfullscreen allow=\"autoplay; clipboard-write; encrypted-media; fullscreen; picture-in-picture\" loading=\"lazy\" src=\"https:\/\/open.spotify.com\/embed\/track\/25PtDu4tgMSJAsTc6pEqeS?si=e5afc00cff824847&#038;utm_source=oembed\"><\/iframe>\n<\/div><figcaption class=\"wp-element-caption\">Arrangering, innspilling og miks. Innspilt p\u00e5 Stavanger Tinfabrik.<\/figcaption><\/figure>\n\n\n\n<p><\/p>\n\n\n\n<figure class=\"wp-block-embed is-type-rich is-provider-spotify wp-block-embed-spotify wp-embed-aspect-21-9 wp-has-aspect-ratio\"><div class=\"wp-block-embed__wrapper\">\n<iframe title=\"Spotify Embed: Nonfigurativ Dans\" style=\"border-radius: 12px\" width=\"100%\" height=\"152\" frameborder=\"0\" allowfullscreen allow=\"autoplay; clipboard-write; encrypted-media; fullscreen; picture-in-picture\" loading=\"lazy\" src=\"https:\/\/open.spotify.com\/embed\/track\/0iHT7RAHk1F3mvj9GKTVpW?si=fd16f9500b7e4393&#038;utm_source=oembed\"><\/iframe>\n<\/div><figcaption class=\"wp-element-caption\">Arrangering, innspilling og miks. <\/figcaption><\/figure>\n\n\n\n<p><\/p>\n\n\n\n<figure class=\"wp-block-embed is-type-rich is-provider-spotify wp-block-embed-spotify wp-embed-aspect-21-9 wp-has-aspect-ratio\"><div class=\"wp-block-embed__wrapper\">\n<iframe title=\"Spotify Embed: Till the Morning Comes\" style=\"border-radius: 12px\" width=\"100%\" height=\"152\" frameborder=\"0\" allowfullscreen allow=\"autoplay; clipboard-write; encrypted-media; fullscreen; picture-in-picture\" loading=\"lazy\" src=\"https:\/\/open.spotify.com\/embed\/track\/6Kv8teaG1f1p3mQFo3aDT1?si=ba7bb143bd6142b7&#038;utm_source=oembed\"><\/iframe>\n<\/div><figcaption class=\"wp-element-caption\">Miks.<\/figcaption><\/figure>\n","protected":false},"excerpt":{"rendered":"<p>Komposisjon Trenger du musikk til et eller annet, kan det v\u00e6re en god id\u00e9 \u00e5 snakke med oss. Vi kan ta din id\u00e9 fra tanke til ferdig produkt uten at du trenger \u00e5 involvere noen andre enn oss. V\u00e5r huskomponist, Eivinn Arne, har skrevet musikk til flere hundre berikede lydb\u00f8ker. Han er ogs\u00e5 l\u00e5tskriver og [&hellip;]<\/p>\n","protected":false},"author":1,"featured_media":0,"parent":0,"menu_order":0,"comment_status":"closed","ping_status":"closed","template":"","meta":{"footnotes":""},"class_list":["post-138","page","type-page","status-publish","hentry"],"_links":{"self":[{"href":"https:\/\/akurat.no\/index.php\/wp-json\/wp\/v2\/pages\/138","targetHints":{"allow":["GET"]}}],"collection":[{"href":"https:\/\/akurat.no\/index.php\/wp-json\/wp\/v2\/pages"}],"about":[{"href":"https:\/\/akurat.no\/index.php\/wp-json\/wp\/v2\/types\/page"}],"author":[{"embeddable":true,"href":"https:\/\/akurat.no\/index.php\/wp-json\/wp\/v2\/users\/1"}],"replies":[{"embeddable":true,"href":"https:\/\/akurat.no\/index.php\/wp-json\/wp\/v2\/comments?post=138"}],"version-history":[{"count":13,"href":"https:\/\/akurat.no\/index.php\/wp-json\/wp\/v2\/pages\/138\/revisions"}],"predecessor-version":[{"id":175,"href":"https:\/\/akurat.no\/index.php\/wp-json\/wp\/v2\/pages\/138\/revisions\/175"}],"wp:attachment":[{"href":"https:\/\/akurat.no\/index.php\/wp-json\/wp\/v2\/media?parent=138"}],"curies":[{"name":"wp","href":"https:\/\/api.w.org\/{rel}","templated":true}]}}